{"id":15,"date":"2014-12-29T03:05:16","date_gmt":"2014-12-29T02:05:16","guid":{"rendered":"http:\/\/brftaljegarden.se\/?page_id=15"},"modified":"2026-02-08T19:39:56","modified_gmt":"2026-02-08T18:39:56","slug":"arsredovisning","status":"publish","type":"page","link":"https:\/\/brftaljegarden.se\/?page_id=15","title":{"rendered":"\u00c5rsredovisning"},"content":{"rendered":"<p><a href=\"http:\/\/brftaljegarden.se\/wp-content\/uploads\/2024\/08\/A\u030arsredovisning-Ta\u0308ljega\u030arden-2023.pdf\">A\u030arsredovisning Ta\u0308ljega\u030arden-2023<\/a><\/p>\n<p><a href=\"http:\/\/brftaljegarden.se\/wp-content\/uploads\/2023\/09\/A\u030arsredovisning-Ta\u0308ljega\u030arden-2022.pdf\">A\u030arsredovisning Ta\u0308ljega\u030arden-2022<\/a><\/p>\n<p><a href=\"http:\/\/brftaljegarden.se\/wp-content\/uploads\/2022\/05\/A\u030arsredovisning-Ta\u0308ljega\u030arden-21-slutlig.pdf\">A\u030arsredovisning Ta\u0308ljega\u030arden-2021<\/a><\/p>\n<p><a href=\"http:\/\/brftaljegarden.se\/wp-content\/uploads\/2021\/08\/Arsredovisning-Taljegarden-2020.pdf\">\u00c5rsredovisning T\u00e4ljeg\u00e5rden 2020<\/a><\/p>\n<p><a href=\"http:\/\/brftaljegarden.se\/wp-content\/uploads\/2020\/08\/\u00c5rsredovisning-T\u00e4ljeg\u00e5rden-2019.pdf\">\u00c5rsredovisning T\u00e4ljeg\u00e5rden 2019<\/a><\/p>\n<p><a href=\"http:\/\/brftaljegarden.se\/wp-content\/uploads\/2020\/08\/\u00c5rsredovisning-T\u00e4ljeg\u00e5rden-2017.pdf\">\u00c5rsredovisning T\u00e4ljeg\u00e5rden 2017<\/a><\/p>\n<p><a href=\"http:\/\/brftaljegarden.se\/wp-content\/uploads\/2020\/08\/\u00c5rsredovisning-T\u00e4ljeg\u00e5rden-2016.pdf\">\u00c5rsredovisning T\u00e4ljeg\u00e5rden 2016<\/a><\/p>\n<p><a href=\"http:\/\/brftaljegarden.se\/wp-content\/uploads\/2020\/08\/\u00c5rsredovisning-T\u00e4ljeg\u00e5rden-2015.pdf\">\u00c5rsredovisning T\u00e4ljeg\u00e5rden 2015<\/a><\/p>\n<p><a href=\"http:\/\/brftaljegarden.se\/wp-content\/uploads\/2020\/08\/\u00c5rsredovisning-T\u00e4ljeg\u00e5rden-2014.pdf\">\u00c5rsredovisning T\u00e4ljeg\u00e5rden 2014<\/a><\/p>\n<p><a href=\"http:\/\/brftaljegarden.se\/wp-content\/uploads\/2020\/08\/\u00c5rsredovisning-T\u00e4ljeg\u00e5rden-2013.pdf\">\u00c5rsredovisning T\u00e4ljeg\u00e5rden 2013<\/a><\/p>\n\n\n<p><\/p>\n\n\n\n<p><\/p>\n","protected":false},"excerpt":{"rendered":"<p>A\u030arsredovisning Ta\u0308ljega\u030arden-2023 A\u030arsredovisning Ta\u0308ljega\u030arden-2022 A\u030arsredovisning Ta\u0308ljega\u030arden-2021 \u00c5rsredovisning T\u00e4ljeg\u00e5rden 2020 \u00c5rsredovisning T\u00e4ljeg\u00e5rden 2019 \u00c5rsredovisning T\u00e4ljeg\u00e5rden 2017 \u00c5rsredovisning T\u00e4ljeg\u00e5rden 2016 \u00c5rsredovisning T\u00e4ljeg\u00e5rden 2015 \u00c5rsredovisning T\u00e4ljeg\u00e5rden 2014 \u00c5rsredovisning T\u00e4ljeg\u00e5rden 2013<\/p>\n","protected":false},"author":1,"featured_media":0,"parent":44,"menu_order":3,"comment_status":"closed","ping_status":"closed","template":"","meta":[],"_links":{"self":[{"href":"https:\/\/brftaljegarden.se\/index.php?rest_route=\/wp\/v2\/pages\/15"}],"collection":[{"href":"https:\/\/brftaljegarden.se\/index.php?rest_route=\/wp\/v2\/pages"}],"about":[{"href":"https:\/\/brftaljegarden.se\/index.php?rest_route=\/wp\/v2\/types\/page"}],"author":[{"embeddable":true,"href":"https:\/\/brftaljegarden.se\/index.php?rest_route=\/wp\/v2\/users\/1"}],"replies":[{"embeddable":true,"href":"https:\/\/brftaljegarden.se\/index.php?rest_route=%2Fwp%2Fv2%2Fcomments&post=15"}],"version-history":[{"count":16,"href":"https:\/\/brftaljegarden.se\/index.php?rest_route=\/wp\/v2\/pages\/15\/revisions"}],"predecessor-version":[{"id":502,"href":"https:\/\/brftaljegarden.se\/index.php?rest_route=\/wp\/v2\/pages\/15\/revisions\/502"}],"up":[{"embeddable":true,"href":"https:\/\/brftaljegarden.se\/index.php?rest_route=\/wp\/v2\/pages\/44"}],"wp:attachment":[{"href":"https:\/\/brftaljegarden.se\/index.php?rest_route=%2Fwp%2Fv2%2Fmedia&parent=15"}],"curies":[{"name":"wp","href":"https:\/\/api.w.org\/{rel}","templated":true}]}}