{"id":195,"date":"2016-11-03T09:50:31","date_gmt":"2016-11-03T08:50:31","guid":{"rendered":"http:\/\/brftaljegarden.se\/?page_id=195"},"modified":"2026-02-08T19:09:25","modified_gmt":"2026-02-08T18:09:25","slug":"vanliga-fragor-svar","status":"publish","type":"page","link":"https:\/\/brftaljegarden.se\/?page_id=195","title":{"rendered":"FAQ"},"content":{"rendered":"<p><strong>Har ni gjort en radonm\u00e4tning?<\/strong><br \/>\nJa, v\u00e5ren 2016. I alla l\u00e4genheter var v\u00e4rdena under 100 bq\/m3 vilket \u00e4r god marginal till gr\u00e4nsv\u00e4rdet p\u00e5 200 Bq\/m3. I k\u00e4llaren var m\u00e4tv\u00e4rdet under 1\u00a0000 Bq\/m3 vilket \u00e4r godk\u00e4nt enligt Milj\u00f6f\u00f6rvaltningen vid Uppsala kommun eftersom det inte \u00e4r boendeytor.<\/p>\n<p><strong>Till\u00e5ter ni att en juridisk person k\u00f6per en l\u00e4genhet?<\/strong><br \/>\nNej.<\/p>\n<p><strong>Till\u00e5ter ni att en juridisk person f\u00e5r hyra en l\u00e4genhet i andra hand?<\/strong><br \/>\nNej.<\/p>\n<p><strong>Planerar ni n\u00e5gon avgiftsh\u00f6jning?<\/strong><br \/>\nEn h\u00f6jning p\u00e5 3,5% skedde 1 januari 2026. Det finns i nul\u00e4get inga planerade avgiftsh\u00f6jningar.<\/p>\n<p><strong>Vad ing\u00e5r i avgiften?<\/strong><br \/>\nV\u00e4rme, varm- och kallvatten, grundutbud kabel-TV Tele2 med c:a 15 kanaler samt bredband 250\/250mbit fr\u00e5n Tele 2.<\/p>\n<p><strong>Vilka renoveringar planeras n\u00e4rmaste tiden?<\/strong><br \/>\nI f\u00f6rvaltningsber\u00e4ttelsen i \u00e5rsredovisningen (som ligger p\u00e5 hemsidan) listas de renoveringar som planeras f\u00f6r de n\u00e4rmaste \u00e5ren.<\/p>\n<p><strong>Vad kostar parkeringen?<\/strong><br \/>\nFr\u00e5n 1\/1 2023 kostar parkeringen 400 kr per m\u00e5nad och betalas via hyresavien fr\u00e5n v\u00e5r ekonomiske f\u00f6rvaltare. Laddstolpar kan hyras f\u00f6r ett till\u00e4gg om 100 kr\/m\u00e5nad exklusive elkostnad. Motorv\u00e4rmare finns p\u00e5 alla platser.<\/p>\n<p>Fr\u00e5gor om parkeringsk\u00f6 tas med Mediator <span class=\"elementor-icon-list-text\">018-13 14 50. <\/span><\/p>\n<p><strong>Hur sker nyckelhantering?<br \/>\n<\/strong>Nyckelhantering sker via Byggbeslag. Viktigt att<strong> alltid <\/strong>kvittera nycklar vid b\u00e5de in- och avflyttning.<\/p>\n<p><strong>Vad beh\u00f6ver jag l\u00e4mna in till styrelsen i en ans\u00f6kan om att f\u00e5 hyra ut min l\u00e4genhet i andra hand?<\/strong><br \/>\nInnan andrahandsuthyrningen tr\u00e4der i kraft beh\u00f6ver vi f\u00e5 in en f\u00f6rfr\u00e5gan som inneh\u00e5ller:<br \/>\nAnledning till uthyrningen<br \/>\nNamn, personnummer p\u00e5 den person som du vill hyra ut till<br \/>\nPerioden f\u00f6r uthyrningen<br \/>\nKopia p\u00e5 bostadsr\u00e4ttstill\u00e4gget i hemf\u00f6rs\u00e4kringen<br \/>\nKopia p\u00e5 att bostadsr\u00e4ttstill\u00e4gget \u00e4r betalt (r\u00e4cker med en sk\u00e4rmdump)<br \/>\n<em>Uppm\u00e4rksamma att vi enligt v\u00e5ra stadgar tar ut en avgift p\u00e5 10 % av ett prisbasbelopp vid andrahandsuppl\u00e5telse (som administreras av v\u00e5r ekonomiske f\u00f6rvaltare).<\/em><\/p>\n","protected":false},"excerpt":{"rendered":"<p>Har ni gjort en radonm\u00e4tning? Ja, v\u00e5ren 2016. I alla l\u00e4genheter var v\u00e4rdena under 100 bq\/m3 vilket \u00e4r god marginal till gr\u00e4nsv\u00e4rdet p\u00e5 200 Bq\/m3. I k\u00e4llaren var m\u00e4tv\u00e4rdet under 1\u00a0000 Bq\/m3 vilket \u00e4r godk\u00e4nt enligt Milj\u00f6f\u00f6rvaltningen vid Uppsala kommun eftersom det inte \u00e4r boendeytor. Till\u00e5ter ni att en juridisk person k\u00f6per en l\u00e4genhet? Nej. &hellip; <\/p>\n<p class=\"link-more\"><a href=\"https:\/\/brftaljegarden.se\/?page_id=195\" class=\"more-link\">Forts\u00e4tt l\u00e4sa<span class=\"screen-reader-text\"> &#8221;FAQ&#8221;<\/span><\/a><\/p>\n","protected":false},"author":1,"featured_media":0,"parent":0,"menu_order":0,"comment_status":"closed","ping_status":"closed","template":"","meta":[],"_links":{"self":[{"href":"https:\/\/brftaljegarden.se\/index.php?rest_route=\/wp\/v2\/pages\/195"}],"collection":[{"href":"https:\/\/brftaljegarden.se\/index.php?rest_route=\/wp\/v2\/pages"}],"about":[{"href":"https:\/\/brftaljegarden.se\/index.php?rest_route=\/wp\/v2\/types\/page"}],"author":[{"embeddable":true,"href":"https:\/\/brftaljegarden.se\/index.php?rest_route=\/wp\/v2\/users\/1"}],"replies":[{"embeddable":true,"href":"https:\/\/brftaljegarden.se\/index.php?rest_route=%2Fwp%2Fv2%2Fcomments&post=195"}],"version-history":[{"count":14,"href":"https:\/\/brftaljegarden.se\/index.php?rest_route=\/wp\/v2\/pages\/195\/revisions"}],"predecessor-version":[{"id":496,"href":"https:\/\/brftaljegarden.se\/index.php?rest_route=\/wp\/v2\/pages\/195\/revisions\/496"}],"wp:attachment":[{"href":"https:\/\/brftaljegarden.se\/index.php?rest_route=%2Fwp%2Fv2%2Fmedia&parent=195"}],"curies":[{"name":"wp","href":"https:\/\/api.w.org\/{rel}","templated":true}]}}