{"id":31,"date":"2014-12-30T00:52:59","date_gmt":"2014-12-29T23:52:59","guid":{"rendered":"http:\/\/brftaljegarden.se\/?page_id=31"},"modified":"2026-02-08T19:17:57","modified_gmt":"2026-02-08T18:17:57","slug":"styrelsen","status":"publish","type":"page","link":"https:\/\/brftaljegarden.se\/?page_id=31","title":{"rendered":"Styrelsen"},"content":{"rendered":"<p>Brf T\u00e4ljeg\u00e5rdens styrelse best\u00e5r av fyra ledam\u00f6ter och en suppleant. Suppleanten deltar i samma utstr\u00e4ckning som ledam\u00f6terna p\u00e5 styrelsem\u00f6tena.<\/p>\n<p><strong>Brf T\u00e4ljeg\u00e5rdens styrelse<\/strong><\/p>\n<p><strong>Ledamot\/Ordf\u00f6rande<\/strong> Per Olsson<\/p>\n<p><strong>Ledamot<\/strong> Andoria Trysius<\/p>\n<p><strong>Ledamot<\/strong> Emrik Engstr\u00f6m<\/p>\n<p><strong>Ledamot<\/strong> Marcus Ekstr\u00f6m<\/p>\n<p><strong>Suppleant<\/strong> \u00c5sa Johansson<\/p>\n<p>Kontakt till styrelsen taljegarden@gmail.com<\/p>\n","protected":false},"excerpt":{"rendered":"<p>Brf T\u00e4ljeg\u00e5rdens styrelse best\u00e5r av fyra ledam\u00f6ter och en suppleant. Suppleanten deltar i samma utstr\u00e4ckning som ledam\u00f6terna p\u00e5 styrelsem\u00f6tena. Brf T\u00e4ljeg\u00e5rdens styrelse Ledamot\/Ordf\u00f6rande Per Olsson Ledamot Andoria Trysius Ledamot Emrik Engstr\u00f6m Ledamot Marcus Ekstr\u00f6m Suppleant \u00c5sa Johansson Kontakt till styrelsen taljegarden@gmail.com<\/p>\n","protected":false},"author":1,"featured_media":0,"parent":44,"menu_order":1,"comment_status":"closed","ping_status":"closed","template":"","meta":[],"_links":{"self":[{"href":"https:\/\/brftaljegarden.se\/index.php?rest_route=\/wp\/v2\/pages\/31"}],"collection":[{"href":"https:\/\/brftaljegarden.se\/index.php?rest_route=\/wp\/v2\/pages"}],"about":[{"href":"https:\/\/brftaljegarden.se\/index.php?rest_route=\/wp\/v2\/types\/page"}],"author":[{"embeddable":true,"href":"https:\/\/brftaljegarden.se\/index.php?rest_route=\/wp\/v2\/users\/1"}],"replies":[{"embeddable":true,"href":"https:\/\/brftaljegarden.se\/index.php?rest_route=%2Fwp%2Fv2%2Fcomments&post=31"}],"version-history":[{"count":17,"href":"https:\/\/brftaljegarden.se\/index.php?rest_route=\/wp\/v2\/pages\/31\/revisions"}],"predecessor-version":[{"id":497,"href":"https:\/\/brftaljegarden.se\/index.php?rest_route=\/wp\/v2\/pages\/31\/revisions\/497"}],"up":[{"embeddable":true,"href":"https:\/\/brftaljegarden.se\/index.php?rest_route=\/wp\/v2\/pages\/44"}],"wp:attachment":[{"href":"https:\/\/brftaljegarden.se\/index.php?rest_route=%2Fwp%2Fv2%2Fmedia&parent=31"}],"curies":[{"name":"wp","href":"https:\/\/api.w.org\/{rel}","templated":true}]}}