{"id":381,"date":"2020-06-23T13:43:40","date_gmt":"2020-06-23T12:43:40","guid":{"rendered":"http:\/\/brftaljegarden.se\/?page_id=381"},"modified":"2020-06-23T13:57:53","modified_gmt":"2020-06-23T12:57:53","slug":"hem","status":"publish","type":"page","link":"https:\/\/brftaljegarden.se\/","title":{"rendered":"Startsida"},"content":{"rendered":"\n<figure class=\"wp-block-image\"><img loading=\"lazy\" width=\"1024\" height=\"293\" src=\"http:\/\/brftaljegarden.se\/wp-content\/uploads\/2019\/12\/Fa\u030alhagen-20-4-1024x293.jpg\" alt=\"\" class=\"wp-image-350\" srcset=\"https:\/\/brftaljegarden.se\/wp-content\/uploads\/2019\/12\/Fa\u030alhagen-20-4-1024x293.jpg 1024w, https:\/\/brftaljegarden.se\/wp-content\/uploads\/2019\/12\/Fa\u030alhagen-20-4-300x86.jpg 300w, https:\/\/brftaljegarden.se\/wp-content\/uploads\/2019\/12\/Fa\u030alhagen-20-4-768x219.jpg 768w, https:\/\/brftaljegarden.se\/wp-content\/uploads\/2019\/12\/Fa\u030alhagen-20-4.jpg 1400w\" sizes=\"(max-width: 706px) 89vw, (max-width: 767px) 82vw, 740px\" \/><\/figure>\n\n\n\n<p>T\u00e4ljeg\u00e5rden \u00e4r en bostadsr\u00e4ttsf\u00f6rening som ligger i F\u00e5lhagen, mitt i idyllen, endast n\u00e5gra l\u00e4tta steg fr\u00e5n den naturliga m\u00f6tesplatsen Vaksala&nbsp;torg. F\u00f6reningen best\u00e5r av 39 l\u00e4genheter och de boende \u00e4r i alla \u00e5ldrar. Det finns de som bott h\u00e4r \u00e4nda sedan huset s\u00e5g dagens ljus och det finns nyinflyttade, nyfikna studenter. T\u00e4ljeg\u00e5rden \u00e4r ett hus att trivas i, d\u00e5 det finns grillplatser utomhus, bastu inomhus och trevliga grannar \u00f6verallt!<\/p>\n","protected":false},"excerpt":{"rendered":"<p>T\u00e4ljeg\u00e5rden \u00e4r en bostadsr\u00e4ttsf\u00f6rening som ligger i F\u00e5lhagen, mitt i idyllen, endast n\u00e5gra l\u00e4tta steg fr\u00e5n den naturliga m\u00f6tesplatsen Vaksala&nbsp;torg. F\u00f6reningen best\u00e5r av 39 l\u00e4genheter och de boende \u00e4r i alla \u00e5ldrar. Det finns de som bott h\u00e4r \u00e4nda sedan huset s\u00e5g dagens ljus och det finns nyinflyttade, nyfikna studenter. T\u00e4ljeg\u00e5rden \u00e4r ett hus att &hellip; <\/p>\n<p class=\"link-more\"><a href=\"https:\/\/brftaljegarden.se\/\" class=\"more-link\">Forts\u00e4tt l\u00e4sa<span class=\"screen-reader-text\"> &#8221;Startsida&#8221;<\/span><\/a><\/p>\n","protected":false},"author":1,"featured_media":0,"parent":0,"menu_order":0,"comment_status":"closed","ping_status":"closed","template":"","meta":[],"_links":{"self":[{"href":"https:\/\/brftaljegarden.se\/index.php?rest_route=\/wp\/v2\/pages\/381"}],"collection":[{"href":"https:\/\/brftaljegarden.se\/index.php?rest_route=\/wp\/v2\/pages"}],"about":[{"href":"https:\/\/brftaljegarden.se\/index.php?rest_route=\/wp\/v2\/types\/page"}],"author":[{"embeddable":true,"href":"https:\/\/brftaljegarden.se\/index.php?rest_route=\/wp\/v2\/users\/1"}],"replies":[{"embeddable":true,"href":"https:\/\/brftaljegarden.se\/index.php?rest_route=%2Fwp%2Fv2%2Fcomments&post=381"}],"version-history":[{"count":3,"href":"https:\/\/brftaljegarden.se\/index.php?rest_route=\/wp\/v2\/pages\/381\/revisions"}],"predecessor-version":[{"id":387,"href":"https:\/\/brftaljegarden.se\/index.php?rest_route=\/wp\/v2\/pages\/381\/revisions\/387"}],"wp:attachment":[{"href":"https:\/\/brftaljegarden.se\/index.php?rest_route=%2Fwp%2Fv2%2Fmedia&parent=381"}],"curies":[{"name":"wp","href":"https:\/\/api.w.org\/{rel}","templated":true}]}}